{"id":5493,"date":"2020-12-08T16:17:41","date_gmt":"2020-12-08T14:17:41","guid":{"rendered":"https:\/\/taxigrandemalaga.es\/politique-en-matiere-de-cookies\/"},"modified":"2020-12-08T16:17:41","modified_gmt":"2020-12-08T14:17:41","slug":"politique-en-matiere-de-cookies","status":"publish","type":"page","link":"https:\/\/taxigrandemalaga.es\/fr\/politique-en-matiere-de-cookies\/","title":{"rendered":"Politique en mati\u00e8re de cookies"},"content":{"rendered":"<p>Politique en mati\u00e8re de cookies<\/p>\n<p>Nous vous informons de l&rsquo;utilisation de cookies sur notre site web : taxigrandemalaga.es<\/p>\n<p>Que sont les cookies ?<\/p>\n<p>Les cookies sont des fichiers qui peuvent \u00eatre t\u00e9l\u00e9charg\u00e9s sur votre ordinateur par le biais des pages web.<\/p>\n<p>Ce sont des outils qui ont un r\u00f4le essentiel pour la fourniture de nombreux services de la soci\u00e9t\u00e9 de l&rsquo;information. Elles permettent notamment \u00e0 un site web de stocker et de r\u00e9cup\u00e9rer des informations sur les habitudes de navigation d&rsquo;un utilisateur ou de son ordinateur et, en fonction des informations obtenues, elles peuvent \u00eatre utilis\u00e9es pour reconna\u00eetre l&rsquo;utilisateur et am\u00e9liorer le service offert.<\/p>\n<p>Types de cookies<\/p>\n<p>Selon l&rsquo;entit\u00e9 qui g\u00e8re le domaine \u00e0 partir duquel les cookies sont envoy\u00e9s et qui traite les donn\u00e9es obtenues, on peut distinguer deux types :<\/p>\n<p>Propres cookies :<br \/>\nCelles qui sont envoy\u00e9es \u00e0 l&rsquo;\u00e9quipement terminal de l&rsquo;utilisateur depuis un ordinateur ou un domaine g\u00e9r\u00e9 par l&rsquo;\u00e9diteur lui-m\u00eame et \u00e0 partir duquel le service demand\u00e9 par l&rsquo;utilisateur est fourni.<\/p>\n<p>Les cookies de tiers :<br \/>\nCelles qui sont envoy\u00e9es \u00e0 l&rsquo;\u00e9quipement terminal de l&rsquo;utilisateur depuis un ordinateur ou un domaine qui n&rsquo;est pas g\u00e9r\u00e9 par l&rsquo;\u00e9diteur, mais par une autre entit\u00e9 qui traite les donn\u00e9es obtenues par le biais des cookies.<\/p>\n<p>Dans le cas o\u00f9 les cookies sont install\u00e9s \u00e0 partir d&rsquo;un ordinateur ou d&rsquo;un domaine g\u00e9r\u00e9 par l&rsquo;\u00e9diteur lui-m\u00eame mais que les informations collect\u00e9es par leur interm\u00e9diaire sont g\u00e9r\u00e9es par un tiers, ils ne peuvent pas \u00eatre consid\u00e9r\u00e9s comme des cookies propres.<\/p>\n<p>Il existe \u00e9galement une deuxi\u00e8me classification en fonction de la dur\u00e9e de conservation des donn\u00e9es dans le navigateur du client, qui peut \u00eatre<\/p>\n<p>Les cookies de session :<br \/>\nCon\u00e7u pour collecter et stocker des donn\u00e9es pendant que l&rsquo;utilisateur acc\u00e8de \u00e0 un site web. Ils sont g\u00e9n\u00e9ralement utilis\u00e9s pour stocker des informations qui ne sont pertinentes que pour la fourniture du service demand\u00e9 par l&rsquo;utilisateur \u00e0 une seule occasion (par exemple, une liste de produits achet\u00e9s).<\/p>\n<p>Cookies persistants :<br \/>\nLes donn\u00e9es sont toujours stock\u00e9es dans le terminal et peuvent \u00eatre consult\u00e9es et trait\u00e9es pendant une p\u00e9riode d\u00e9finie par la personne responsable du cookie, qui peut aller de quelques minutes \u00e0 plusieurs ann\u00e9es.<\/p>\n<p>Enfin, il existe une autre classification avec six types de cookies en fonction de la finalit\u00e9 du traitement des donn\u00e9es obtenues :<\/p>\n<p>Cookies techniques :<br \/>\nCelles qui permettent \u00e0 l&rsquo;utilisateur de naviguer \u00e0 travers une page web, une plate-forme ou une application et d&rsquo;utiliser les diff\u00e9rentes options ou services qui y existent, comme, par exemple, le contr\u00f4le du trafic et de la communication de donn\u00e9es, l&rsquo;identification de la session, l&rsquo;acc\u00e8s \u00e0 des parties d&rsquo;acc\u00e8s restreint, la m\u00e9morisation des \u00e9l\u00e9ments qui composent une commande, l&rsquo;ex\u00e9cution du processus d&rsquo;achat d&rsquo;une commande, la demande d&rsquo;inscription ou de participation \u00e0 un \u00e9v\u00e9nement, l&rsquo;utilisation d&rsquo;\u00e9l\u00e9ments de s\u00e9curit\u00e9 pendant la navigation, le stockage de contenus pour la diffusion de vid\u00e9os ou de sons ou le partage de contenus par le biais de r\u00e9seaux sociaux.<\/p>\n<p>Les cookies de personnalisation :<br \/>\nIls permettent \u00e0 l&rsquo;utilisateur d&rsquo;acc\u00e9der au service avec certaines caract\u00e9ristiques g\u00e9n\u00e9rales pr\u00e9d\u00e9finies selon une s\u00e9rie de crit\u00e8res dans le terminal de l&rsquo;utilisateur, tels que la langue, le type de navigateur par lequel l&rsquo;utilisateur acc\u00e8de au service, la configuration r\u00e9gionale \u00e0 partir de laquelle l&rsquo;utilisateur acc\u00e8de au service, etc.<\/p>\n<p>Les cookies d&rsquo;analyse :<br \/>\nIls permettent \u00e0 leur responsable de surveiller et d&rsquo;analyser le comportement des utilisateurs des sites web auxquels ils sont li\u00e9s. Les informations recueillies au moyen de ce type de cookies sont utilis\u00e9es pour mesurer l&rsquo;activit\u00e9 des sites, applications ou plates-formes et pour \u00e9tablir les profils de navigation des utilisateurs de ces sites, applications et plates-formes, afin d&rsquo;introduire des am\u00e9liorations bas\u00e9es sur l&rsquo;analyse des donn\u00e9es d&rsquo;utilisation faite par les utilisateurs du service.<\/p>\n<p>Les cookies publicitaires :<br \/>\nIls permettent la gestion, de la mani\u00e8re la plus efficace, des espaces publicitaires.<\/p>\n<p>Cookies publicitaires comportementaux :<br \/>\nIls stockent des informations sur le comportement des utilisateurs obtenues par l&rsquo;observation continue de leurs habitudes de navigation, ce qui permet de d\u00e9velopper un profil sp\u00e9cifique pour afficher la publicit\u00e9 qui en d\u00e9coule<\/p>\n<p>Cookies provenant de r\u00e9seaux sociaux externes :<br \/>\nIls sont utilis\u00e9s pour permettre aux visiteurs d&rsquo;interagir avec le contenu de diff\u00e9rentes plateformes sociales (facebook, youtube, twitter, linkedIn, etc.) et sont g\u00e9n\u00e9r\u00e9s uniquement pour les utilisateurs de ces r\u00e9seaux sociaux. Les conditions d&rsquo;utilisation de ces cookies et les informations collect\u00e9es sont r\u00e9gies par la politique de confidentialit\u00e9 de la plate-forme sociale correspondante.<\/p>\n<p>D\u00e9sactivation et \u00e9limination des cookies<\/p>\n<p>Vous avez la possibilit\u00e9 d&rsquo;autoriser, de bloquer ou de supprimer les cookies install\u00e9s sur votre ordinateur en param\u00e9trant les options du navigateur install\u00e9 sur votre ordinateur. En d\u00e9sactivant les cookies, certains des services disponibles peuvent ne plus \u00eatre op\u00e9rationnels. La mani\u00e8re de d\u00e9sactiver les cookies est diff\u00e9rente pour chaque navigateur, mais elle peut g\u00e9n\u00e9ralement \u00eatre effectu\u00e9e \u00e0 partir du menu Outils ou Options. Vous pouvez \u00e9galement consulter le menu Aide de votre navigateur<\/p>\n<p>o\u00f9 vous pouvez trouver des instructions. L&rsquo;utilisateur peut \u00e0 tout moment choisir les cookies qu&rsquo;il souhaite utiliser sur ce site.<\/p>\n<p>Vous pouvez autoriser, bloquer ou supprimer les cookies install\u00e9s sur votre ordinateur en configurant les options du navigateur install\u00e9 sur votre ordinateur :<\/p>\n<p>Microsoft Internet Explorer ou Microsoft Edge :<br \/>\nhttp:\/\/windows.microsoft.com\/es-es\/windows-vista\/Block-or-allow-cookies<\/p>\n<p>Mozilla Firefox :<br \/>\nhttp:\/\/support.mozilla.org\/es\/kb\/impedir-que-los-sitios-web-guarden-sus-preferencia<\/p>\n<p>Chrome :<br \/>\nhttps:\/\/support.google.com\/accounts\/answer\/61416?hl=es<\/p>\n<p>Safari :<br \/>\nhttp:\/\/safari.helpmax.net\/es\/privacidad-y-seguridad\/como-gestionar-las-cookies\/<\/p>\n<p>L&rsquo;op\u00e9ra :<br \/>\nhttp:\/\/help.opera.com\/Linux\/10.60\/es-ES\/cookies.html<\/p>\n<p>En outre, vous pouvez \u00e9galement g\u00e9rer le stock de cookies dans votre navigateur gr\u00e2ce \u00e0 des outils tels que<\/p>\n<p>La gost\u00e9rie :<br \/>\nwww.ghostery.com\/<\/p>\n<p>Vos choix en ligne :<br \/>\nwww.youronlinechoices.com\/es\/<\/p>\n<p>Cookies utilis\u00e9s dans taxigrandemalaga.es<\/p>\n<p>Ensuite, les cookies utilis\u00e9s dans ce portail sont identifi\u00e9s ainsi que leur typologie et leur fonction :<\/p>\n<p>Acceptation de la politique des cookies<\/p>\n<p>taxigrandemalaga.es, suppose que vous acceptez l&rsquo;utilisation de cookies. Toutefois, il affiche des informations sur sa politique en mati\u00e8re de cookies en bas ou en haut de n&rsquo;importe quelle page du portail \u00e0 chaque connexion afin que vous en soyez conscient.<\/p>\n<p>Au vu de ces informations, il est possible de mener les actions suivantes :<\/p>\n<p>Accepter les cookies :<br \/>\nCet avertissement ne s&rsquo;affichera plus lorsque vous acc\u00e9derez \u00e0 une page du portail au cours de cette session.<\/p>\n<p>Fermer :<br \/>\nL&rsquo;avertissement est cach\u00e9 de cette page.<\/p>\n<p>Modifiez vos param\u00e8tres :<br \/>\nVous pouvez en savoir plus sur ce que sont les cookies, vous renseigner sur la politique en mati\u00e8re de cookies de :<\/p>\n<p>taxigrandemalaga.es et modifiez la configuration de votre navigateur.<\/p>\n","protected":false},"excerpt":{"rendered":"<p>Politique en mati\u00e8re de cookies Nous vous informons de l&rsquo;utilisation de cookies sur notre site web : taxigrandemalaga.es Que sont les cookies ? Les cookies sont des fichiers qui peuvent \u00eatre t\u00e9l\u00e9charg\u00e9s sur votre ordinateur par le biais des pages web. Ce sont des outils qui ont un r\u00f4le essentiel pour la fourniture de nombreux&hellip;<\/p>\n","protected":false},"author":12,"featured_media":0,"parent":0,"menu_order":0,"comment_status":"closed","ping_status":"closed","template":"","meta":{"footnotes":""},"class_list":["post-5493","page","type-page","status-publish","hentry","description-off"],"yoast_head":"<!-- This site is optimized with the Yoast SEO plugin v27.5 - https:\/\/yoast.com\/product\/yoast-seo-wordpress\/ -->\n<title>Politique en mati\u00e8re de cookies - Taxi Grande Malaga<\/title>\n<meta name=\"robots\" content=\"noindex, nofollow\" \/>\n<meta property=\"og:locale\" content=\"fr_FR\" \/>\n<meta property=\"og:type\" content=\"article\" \/>\n<meta property=\"og:title\" content=\"Politique en mati\u00e8re de cookies - Taxi Grande Malaga\" \/>\n<meta property=\"og:description\" content=\"Politique en mati\u00e8re de cookies Nous vous informons de l&rsquo;utilisation de cookies sur notre site web : taxigrandemalaga.es Que sont les cookies ? Les cookies sont des fichiers qui peuvent \u00eatre t\u00e9l\u00e9charg\u00e9s sur votre ordinateur par le biais des pages web. Ce sont des outils qui ont un r\u00f4le essentiel pour la fourniture de nombreux&hellip;\" \/>\n<meta property=\"og:url\" content=\"https:\/\/taxigrandemalaga.es\/fr\/politique-en-matiere-de-cookies\/\" \/>\n<meta property=\"og:site_name\" content=\"Taxi Grande Malaga\" \/>\n<meta name=\"twitter:card\" content=\"summary_large_image\" \/>\n<meta name=\"twitter:label1\" content=\"Dur\u00e9e de lecture estim\u00e9e\" \/>\n\t<meta name=\"twitter:data1\" content=\"6 minutes\" \/>\n<script type=\"application\/ld+json\" class=\"yoast-schema-graph\">{\"@context\":\"https:\\\/\\\/schema.org\",\"@graph\":[{\"@type\":\"WebPage\",\"@id\":\"https:\\\/\\\/taxigrandemalaga.es\\\/fr\\\/politique-en-matiere-de-cookies\\\/\",\"url\":\"https:\\\/\\\/taxigrandemalaga.es\\\/fr\\\/politique-en-matiere-de-cookies\\\/\",\"name\":\"Politique en mati\u00e8re de cookies - Taxi Grande Malaga\",\"isPartOf\":{\"@id\":\"https:\\\/\\\/taxigrandemalaga.es\\\/fr\\\/#website\"},\"datePublished\":\"2020-12-08T14:17:41+00:00\",\"breadcrumb\":{\"@id\":\"https:\\\/\\\/taxigrandemalaga.es\\\/fr\\\/politique-en-matiere-de-cookies\\\/#breadcrumb\"},\"inLanguage\":\"fr-FR\",\"potentialAction\":[{\"@type\":\"ReadAction\",\"target\":[\"https:\\\/\\\/taxigrandemalaga.es\\\/fr\\\/politique-en-matiere-de-cookies\\\/\"]}]},{\"@type\":\"BreadcrumbList\",\"@id\":\"https:\\\/\\\/taxigrandemalaga.es\\\/fr\\\/politique-en-matiere-de-cookies\\\/#breadcrumb\",\"itemListElement\":[{\"@type\":\"ListItem\",\"position\":1,\"name\":\"Portada\",\"item\":\"https:\\\/\\\/taxigrandemalaga.es\\\/fr\\\/\"},{\"@type\":\"ListItem\",\"position\":2,\"name\":\"Politique en mati\u00e8re de cookies\"}]},{\"@type\":\"WebSite\",\"@id\":\"https:\\\/\\\/taxigrandemalaga.es\\\/fr\\\/#website\",\"url\":\"https:\\\/\\\/taxigrandemalaga.es\\\/fr\\\/\",\"name\":\"Taxi Grande Malaga\",\"description\":\"Taxi en M\u00e1laga: Taxis Grandes, Taxis de 7 y 9 plazas y minusv\u00e1lidos.\",\"potentialAction\":[{\"@type\":\"SearchAction\",\"target\":{\"@type\":\"EntryPoint\",\"urlTemplate\":\"https:\\\/\\\/taxigrandemalaga.es\\\/fr\\\/?s={search_term_string}\"},\"query-input\":{\"@type\":\"PropertyValueSpecification\",\"valueRequired\":true,\"valueName\":\"search_term_string\"}}],\"inLanguage\":\"fr-FR\"}]}<\/script>\n<!-- \/ Yoast SEO plugin. -->","yoast_head_json":{"title":"Politique en mati\u00e8re de cookies - Taxi Grande Malaga","robots":{"index":"noindex","follow":"nofollow"},"og_locale":"fr_FR","og_type":"article","og_title":"Politique en mati\u00e8re de cookies - Taxi Grande Malaga","og_description":"Politique en mati\u00e8re de cookies Nous vous informons de l&rsquo;utilisation de cookies sur notre site web : taxigrandemalaga.es Que sont les cookies ? Les cookies sont des fichiers qui peuvent \u00eatre t\u00e9l\u00e9charg\u00e9s sur votre ordinateur par le biais des pages web. Ce sont des outils qui ont un r\u00f4le essentiel pour la fourniture de nombreux&hellip;","og_url":"https:\/\/taxigrandemalaga.es\/fr\/politique-en-matiere-de-cookies\/","og_site_name":"Taxi Grande Malaga","twitter_card":"summary_large_image","twitter_misc":{"Dur\u00e9e de lecture estim\u00e9e":"6 minutes"},"schema":{"@context":"https:\/\/schema.org","@graph":[{"@type":"WebPage","@id":"https:\/\/taxigrandemalaga.es\/fr\/politique-en-matiere-de-cookies\/","url":"https:\/\/taxigrandemalaga.es\/fr\/politique-en-matiere-de-cookies\/","name":"Politique en mati\u00e8re de cookies - Taxi Grande Malaga","isPartOf":{"@id":"https:\/\/taxigrandemalaga.es\/fr\/#website"},"datePublished":"2020-12-08T14:17:41+00:00","breadcrumb":{"@id":"https:\/\/taxigrandemalaga.es\/fr\/politique-en-matiere-de-cookies\/#breadcrumb"},"inLanguage":"fr-FR","potentialAction":[{"@type":"ReadAction","target":["https:\/\/taxigrandemalaga.es\/fr\/politique-en-matiere-de-cookies\/"]}]},{"@type":"BreadcrumbList","@id":"https:\/\/taxigrandemalaga.es\/fr\/politique-en-matiere-de-cookies\/#breadcrumb","itemListElement":[{"@type":"ListItem","position":1,"name":"Portada","item":"https:\/\/taxigrandemalaga.es\/fr\/"},{"@type":"ListItem","position":2,"name":"Politique en mati\u00e8re de cookies"}]},{"@type":"WebSite","@id":"https:\/\/taxigrandemalaga.es\/fr\/#website","url":"https:\/\/taxigrandemalaga.es\/fr\/","name":"Taxi Grande Malaga","description":"Taxi en M\u00e1laga: Taxis Grandes, Taxis de 7 y 9 plazas y minusv\u00e1lidos.","potentialAction":[{"@type":"SearchAction","target":{"@type":"EntryPoint","urlTemplate":"https:\/\/taxigrandemalaga.es\/fr\/?s={search_term_string}"},"query-input":{"@type":"PropertyValueSpecification","valueRequired":true,"valueName":"search_term_string"}}],"inLanguage":"fr-FR"}]}},"_links":{"self":[{"href":"https:\/\/taxigrandemalaga.es\/fr\/wp-json\/wp\/v2\/pages\/5493","targetHints":{"allow":["GET"]}}],"collection":[{"href":"https:\/\/taxigrandemalaga.es\/fr\/wp-json\/wp\/v2\/pages"}],"about":[{"href":"https:\/\/taxigrandemalaga.es\/fr\/wp-json\/wp\/v2\/types\/page"}],"author":[{"embeddable":true,"href":"https:\/\/taxigrandemalaga.es\/fr\/wp-json\/wp\/v2\/users\/12"}],"replies":[{"embeddable":true,"href":"https:\/\/taxigrandemalaga.es\/fr\/wp-json\/wp\/v2\/comments?post=5493"}],"version-history":[{"count":0,"href":"https:\/\/taxigrandemalaga.es\/fr\/wp-json\/wp\/v2\/pages\/5493\/revisions"}],"wp:attachment":[{"href":"https:\/\/taxigrandemalaga.es\/fr\/wp-json\/wp\/v2\/media?parent=5493"}],"curies":[{"name":"wp","href":"https:\/\/api.w.org\/{rel}","templated":true}]}}