{"id":3072,"date":"2018-08-12T20:50:02","date_gmt":"2018-08-12T18:50:02","guid":{"rendered":"http:\/\/www.taxigrande.muestraweb.es\/taxi-9plazas-malaga\/"},"modified":"2022-09-27T10:24:08","modified_gmt":"2022-09-27T08:24:08","slug":"taxi-9-places-malaga","status":"publish","type":"page","link":"https:\/\/taxigrandemalaga.es\/fr\/taxi-9-places-malaga\/","title":{"rendered":"Taxi 9 places Malaga"},"content":{"rendered":"<p>[vc_row css=\u00a0\u00bb.vc_custom_1534101622541{padding-top: 60px !important;padding-bottom: 26px !important;}\u00a0\u00bb][vc_column][vc_row_inner][vc_column_inner width=\u00a0\u00bb1\/2&Prime; css=\u00a0\u00bb.vc_custom_1509566445127{padding-bottom: 50px !important;}\u00a0\u00bb offset=\u00a0\u00bbvc_col-lg-6 vc_col-md-6&Prime;]<div id=\"ultimate-heading-726669e498c4e1400\" class=\"uvc-heading ult-adjust-bottom-margin ultimate-heading-726669e498c4e1400 uvc-3906 \" data-hspacer=\"no_spacer\"  data-halign=\"left\" style=\"text-align:left\"><div class=\"uvc-heading-spacer no_spacer\" style=\"top\"><\/div><div class=\"uvc-main-heading ult-responsive\"  data-ultimate-target='.uvc-heading.ultimate-heading-726669e498c4e1400 h2'  data-responsive-json-new='{\"font-size\":\"desktop:24px;\",\"line-height\":\"desktop:34px;\"}' ><h2 style=\"font-weight:bold;margin-bottom:20px;\">Taxi 9 places<\/h2><\/div><div class=\"uvc-sub-heading ult-responsive\"  data-ultimate-target='.uvc-heading.ultimate-heading-726669e498c4e1400 .uvc-sub-heading '  data-responsive-json-new='{\"font-size\":\"\",\"line-height\":\"desktop:26px;\"}'  style=\"font-weight:normal;margin-bottom:20px;\"><\/p>\n<p>Appelez un taxi de 9 places \u00e0 Malaga d\u00e8s maintenant.<\/p>\n<p>Parfois, il arrive qu&rsquo;un groupe d&rsquo;amis ou de parents arrivent en voyage dans la m\u00eame ville, et le besoin imp\u00e9rieux de se rendre \u00e0 leur destination les oblige \u00e0 prendre plusieurs taxis ou d&rsquo;autres transports publics. Nous voulons que voyager avec la famille et les amis soit confortable et conciliant, nous donnons donc la possibilit\u00e9 de voyager au lieu de repos choisi \u00e0 Malaga dans le m\u00eame v\u00e9hicule de grande capacit\u00e9.<\/p>\n<p>Un taxi de 9 places, qui peut accueillir jusqu&rsquo;\u00e0 8 personnes, et m\u00eame des fauteuils roulants d\u00e9pli\u00e9s et sans qu&rsquo;il soit n\u00e9cessaire de d\u00e9placer le site \u00e0 la personne qui l&rsquo;utilise. Nous sommes pratiques et nous voulons que vous vous d\u00e9placiez autour de Malaga dans le cadre d&rsquo;un voyage agr\u00e9able.<\/p>\n<p><\/div><\/div><style type=\"text\/css\" data-type=\"the7_shortcodes-inline-css\">#default-btn-215c62dbc64dc03d1eab22974a119629.ico-right-side > i {\n  margin-right: 0px;\n  margin-left: 8px;\n}\n#default-btn-215c62dbc64dc03d1eab22974a119629 > i {\n  margin-right: 8px;\n}<\/style><div class=\"btn-align-left\"><a href=\"http:\/\/taxigrandemalaga.es\/fr\/reserver-taxi-malaga\/\" class=\"default-btn-shortcode dt-btn dt-btn-l link-hover-off \" id=\"default-btn-215c62dbc64dc03d1eab22974a119629\"><span>R\u00e9server votre Taxi<\/span><\/a><\/div>[\/vc_column_inner][vc_column_inner width=\u00a0\u00bb1\/2&Prime; css=\u00a0\u00bb.vc_custom_1509566455479{padding-bottom: 50px !important;}\u00a0\u00bb offset=\u00a0\u00bbvc_col-lg-6 vc_col-md-6&Prime;][vc_single_image image=\u00a0\u00bb2006&Prime; img_size=\u00a0\u00bbfull\u00a0\u00bb alignment=\u00a0\u00bbcenter\u00a0\u00bb style=\u00a0\u00bbvc_box_rounded\u00a0\u00bb image_hovers=\u00a0\u00bbfalse\u00a0\u00bb][\/vc_column_inner][\/vc_row_inner][\/vc_column][\/vc_row][vc_row equal_height=\u00a0\u00bbyes\u00a0\u00bb bg_type=\u00a0\u00bbgrad\u00a0\u00bb bg_override=\u00a0\u00bbex-full\u00a0\u00bb bg_grad=\u00a0\u00bbbackground: -webkit-gradient(linear, left top, left bottom, color-stop(0%, #0081C6), color-stop(100%, #95D356));background: -moz-linear-gradient(left,#0081C6 0%,#95D356 100%);background: -webkit-linear-gradient(left,#0081C6 0%,#95D356 100%);background: -o-linear-gradient(left,#0081C6 0%,#95D356 100%);background: -ms-linear-gradient(left,#0081C6 0%,#95D356 100%);background: linear-gradient(left,#0081C6 0%,#95D356 100%);\u00a0\u00bb css=\u00a0\u00bb.vc_custom_1533947417154{padding-top: 30px !important;padding-bottom: 30px !important;}\u00a0\u00bb][vc_column css=\u00a0\u00bb.vc_custom_1533779837698{padding-top: 10px !important;padding-bottom: 10px !important;}\u00a0\u00bb]<div id=\"ultimate-heading-180269e498c4e158b\" class=\"uvc-heading ult-adjust-bottom-margin ultimate-heading-180269e498c4e158b uvc-5359 \" data-hspacer=\"no_spacer\"  data-halign=\"center\" style=\"text-align:center\"><div class=\"uvc-heading-spacer no_spacer\" style=\"top\"><\/div><div class=\"uvc-main-heading ult-responsive\"  data-ultimate-target='.uvc-heading.ultimate-heading-180269e498c4e158b h2'  data-responsive-json-new='{\"font-size\":\"\",\"line-height\":\"\"}' ><h2 style=\"font-weight:normal;color:rgba(255,255,255,0.8);\">Bon voyage en taxi de 9 places \u00e0 Malaga!<\/h2><\/div><\/div>[\/vc_column][\/vc_row][vc_row css=\u00a0\u00bb.vc_custom_1534101588090{margin-top: 60px !important;margin-bottom: 40px !important;}\u00a0\u00bb][vc_column]<div id=\"ultimate-heading-73069e498c4e15c2\" class=\"uvc-heading ult-adjust-bottom-margin ultimate-heading-73069e498c4e15c2 uvc-9383 \" data-hspacer=\"no_spacer\"  data-halign=\"center\" style=\"text-align:center\"><div class=\"uvc-heading-spacer no_spacer\" style=\"top\"><\/div><div class=\"uvc-main-heading ult-responsive\"  data-ultimate-target='.uvc-heading.ultimate-heading-73069e498c4e15c2 h2'  data-responsive-json-new='{\"font-size\":\"\",\"line-height\":\"\"}' ><h2 style=\"font-weight:normal;\">Service de taxi beaucoup de places \u00e0 Malaga<\/h2><\/div><\/div>[\/vc_column][\/vc_row][vc_row css=\u00a0\u00bb.vc_custom_1534101672440{margin-bottom: 36px !important;}\u00a0\u00bb][vc_column width=\u00a0\u00bb1\/2&Prime; css=\u00a0\u00bb.vc_custom_1534101498761{margin-top: 30px !important;margin-bottom: 30px !important;}\u00a0\u00bb][vc_row_inner][vc_column_inner width=\u00a0\u00bb1\/2&Prime;][vc_single_image image=\u00a0\u00bb2010&Prime; img_size=\u00a0\u00bbfull\u00a0\u00bb style=\u00a0\u00bbvc_box_rounded\u00a0\u00bb image_hovers=\u00a0\u00bbfalse\u00a0\u00bb css=\u00a0\u00bb.vc_custom_1534101002453{padding-bottom: 25px !important;}\u00a0\u00bb][\/vc_column_inner][vc_column_inner width=\u00a0\u00bb1\/2&Prime;]<div id=\"ultimate-heading-360569e498c4e15f6\" class=\"uvc-heading ult-adjust-bottom-margin ultimate-heading-360569e498c4e15f6 uvc-1266 accent-border-color\" data-hspacer=\"no_spacer\"  data-halign=\"left\" style=\"text-align:left\"><div class=\"uvc-heading-spacer no_spacer\" style=\"top\"><\/div><div class=\"uvc-main-heading ult-responsive\"  data-ultimate-target='.uvc-heading.ultimate-heading-360569e498c4e15f6 h2'  data-responsive-json-new='{\"font-size\":\"desktop:20px;\",\"line-height\":\"desktop:30px;\"}' ><h2 style=\"font-weight:bold;margin-bottom:10px;\">Taxi Handicap\u00e9<\/h2><\/div><\/div><style type=\"text\/css\" data-type=\"the7_shortcodes-inline-css\">#default-btn-4ceaf3851d21ee3396a45d47ec639241.ico-right-side > i {\n  margin-right: 0px;\n  margin-left: 8px;\n}\n#default-btn-4ceaf3851d21ee3396a45d47ec639241 > i {\n  margin-right: 8px;\n}<\/style><a href=\"http:\/\/taxigrandemalaga.es\/fr\/taxi-handicape-malaga\/\" class=\"default-btn-shortcode dt-btn dt-btn-s link-hover-off btn-inline-left \" id=\"default-btn-4ceaf3851d21ee3396a45d47ec639241\"><span>Plus d\u2019information<\/span><\/a>[\/vc_column_inner][\/vc_row_inner][\/vc_column][vc_column width=\u00a0\u00bb1\/2&Prime; css=\u00a0\u00bb.vc_custom_1534101509321{margin-top: 30px !important;margin-bottom: 30px !important;}\u00a0\u00bb][vc_row_inner][vc_column_inner width=\u00a0\u00bb1\/2&Prime;][vc_single_image image=\u00a0\u00bb2011&Prime; img_size=\u00a0\u00bbfull\u00a0\u00bb style=\u00a0\u00bbvc_box_rounded\u00a0\u00bb image_hovers=\u00a0\u00bbfalse\u00a0\u00bb css=\u00a0\u00bb.vc_custom_1534100996482{padding-bottom: 25px !important;}\u00a0\u00bb][\/vc_column_inner][vc_column_inner width=\u00a0\u00bb1\/2&Prime;]<div id=\"ultimate-heading-956769e498c4e16aa\" class=\"uvc-heading ult-adjust-bottom-margin ultimate-heading-956769e498c4e16aa uvc-4826 accent-border-color\" data-hspacer=\"no_spacer\"  data-halign=\"left\" style=\"text-align:left\"><div class=\"uvc-heading-spacer no_spacer\" style=\"top\"><\/div><div class=\"uvc-main-heading ult-responsive\"  data-ultimate-target='.uvc-heading.ultimate-heading-956769e498c4e16aa h2'  data-responsive-json-new='{\"font-size\":\"desktop:20px;\",\"line-height\":\"desktop:30px;\"}' ><h2 style=\"font-weight:bold;margin-bottom:10px;\">Taxi 7 places<\/h2><\/div><\/div><style type=\"text\/css\" data-type=\"the7_shortcodes-inline-css\">#default-btn-a5ffc2d3d6fbe121742c586bc0baa731.ico-right-side > i {\n  margin-right: 0px;\n  margin-left: 8px;\n}\n#default-btn-a5ffc2d3d6fbe121742c586bc0baa731 > i {\n  margin-right: 8px;\n}<\/style><a href=\"http:\/\/taxigrandemalaga.es\/fr\/taxi-7-places-malaga\/\" class=\"default-btn-shortcode dt-btn dt-btn-s link-hover-off btn-inline-left \" id=\"default-btn-a5ffc2d3d6fbe121742c586bc0baa731\"><span>Plus d\u2019information<\/span><\/a>[\/vc_column_inner][\/vc_row_inner][\/vc_column][vc_column width=\u00a0\u00bb1\/2&Prime; css=\u00a0\u00bb.vc_custom_1534101556846{margin-top: 30px !important;margin-bottom: 30px !important;}\u00a0\u00bb][vc_row_inner][vc_column_inner width=\u00a0\u00bb1\/2&Prime;][vc_single_image image=\u00a0\u00bb2013&Prime; img_size=\u00a0\u00bbfull\u00a0\u00bb style=\u00a0\u00bbvc_box_rounded\u00a0\u00bb image_hovers=\u00a0\u00bbfalse\u00a0\u00bb css=\u00a0\u00bb.vc_custom_1534100888555{padding-bottom: 25px !important;}\u00a0\u00bb][\/vc_column_inner][vc_column_inner width=\u00a0\u00bb1\/2&Prime;]<div id=\"ultimate-heading-379169e498c4e174c\" class=\"uvc-heading ult-adjust-bottom-margin ultimate-heading-379169e498c4e174c uvc-200 accent-border-color\" data-hspacer=\"no_spacer\"  data-halign=\"left\" style=\"text-align:left\"><div class=\"uvc-heading-spacer no_spacer\" style=\"top\"><\/div><div class=\"uvc-main-heading ult-responsive\"  data-ultimate-target='.uvc-heading.ultimate-heading-379169e498c4e174c h2'  data-responsive-json-new='{\"font-size\":\"desktop:20px;\",\"line-height\":\"desktop:30px;\"}' ><h2 style=\"font-weight:bold;margin-bottom:10px;\">Taxi Minibus<\/h2><\/div><\/div><style type=\"text\/css\" data-type=\"the7_shortcodes-inline-css\">#default-btn-107fe41236982510bc87ab93e6bfe9f9.ico-right-side > i {\n  margin-right: 0px;\n  margin-left: 8px;\n}\n#default-btn-107fe41236982510bc87ab93e6bfe9f9 > i {\n  margin-right: 8px;\n}<\/style><a href=\"http:\/\/taxigrandemalaga.es\/fr\/taxi-minibus-minivan\/\" class=\"default-btn-shortcode dt-btn dt-btn-s link-hover-off btn-inline-left \" id=\"default-btn-107fe41236982510bc87ab93e6bfe9f9\"><span>Plus d\u2019information<\/span><\/a>[\/vc_column_inner][\/vc_row_inner][\/vc_column][vc_column width=\u00a0\u00bb1\/2&Prime; css=\u00a0\u00bb.vc_custom_1534101565813{margin-top: 30px !important;margin-bottom: 30px !important;}\u00a0\u00bb][vc_row_inner][vc_column_inner width=\u00a0\u00bb1\/2&Prime;][vc_single_image image=\u00a0\u00bb2014&Prime; img_size=\u00a0\u00bbfull\u00a0\u00bb style=\u00a0\u00bbvc_box_rounded\u00a0\u00bb image_hovers=\u00a0\u00bbfalse\u00a0\u00bb css=\u00a0\u00bb.vc_custom_1534100935847{padding-bottom: 25px !important;}\u00a0\u00bb][\/vc_column_inner][vc_column_inner width=\u00a0\u00bb1\/2&Prime;]<div id=\"ultimate-heading-736769e498c4e17f7\" class=\"uvc-heading ult-adjust-bottom-margin ultimate-heading-736769e498c4e17f7 uvc-1255 accent-border-color\" data-hspacer=\"no_spacer\"  data-halign=\"left\" style=\"text-align:left\"><div class=\"uvc-heading-spacer no_spacer\" style=\"top\"><\/div><div class=\"uvc-main-heading ult-responsive\"  data-ultimate-target='.uvc-heading.ultimate-heading-736769e498c4e17f7 h2'  data-responsive-json-new='{\"font-size\":\"desktop:20px;\",\"line-height\":\"desktop:30px;\"}' ><h2 style=\"font-weight:bold;margin-bottom:10px;\">Taxi a\u00e9roport<\/h2><\/div><\/div><style type=\"text\/css\" data-type=\"the7_shortcodes-inline-css\">#default-btn-3eb61acb13289aed8c22ab7e5439c10e.ico-right-side > i {\n  margin-right: 0px;\n  margin-left: 8px;\n}\n#default-btn-3eb61acb13289aed8c22ab7e5439c10e > i {\n  margin-right: 8px;\n}<\/style><a href=\"http:\/\/taxigrandemalaga.es\/fr\/taxi-aeroport-malaga\/\" class=\"default-btn-shortcode dt-btn dt-btn-s link-hover-off btn-inline-left \" id=\"default-btn-3eb61acb13289aed8c22ab7e5439c10e\"><span>Plus d\u2019information<\/span><\/a>[\/vc_column_inner][\/vc_row_inner][\/vc_column][\/vc_row][vc_row css=\u00a0\u00bb.vc_custom_1534378404247{margin-bottom: 60px !important;}\u00a0\u00bb][vc_column][vc_column_text]<\/p>\n<p><strong>TAXI 9 PLACES MALAGA<\/strong><\/p>\n<p>Voyager \u00e0 la fois pour des raisons professionnelles et de loisirs implique parfois d&rsquo;organiser une logistique qui n&rsquo;est pas toujours facilit\u00e9e par les interm\u00e9diaires concern\u00e9s.<\/p>\n<p>Par cela nous entendons que depuis Malaga taxi nous mettons \u00e0 la disposition de nos passagers une s\u00e9rie de services de taxi de 9 places, qui permettent dans de nombreux cas, que ces d\u00e9placements dans la province de Malaga, se font en un seul trajet.<\/p>\n<p>Cette forme de pr\u00e9sentation de notre flotte de v\u00e9hicules disponibles \u00e0 Malaga pour tous nos clients, nous am\u00e8ne de mani\u00e8re impr\u00e9visible aux besoins des entreprises et des particuliers, en supposant que notre premier objectif en tant qu&rsquo;organisation dans le domaine du transport de passagers, est que les clients atteignent leurs objectifs tant personnels que professionnels.<\/p>\n<p><strong>TAXI 9 PLACES MALAGA: UN FORMAT INTELLIGENT<\/strong><\/p>\n<p>La praticit\u00e9 et l&rsquo;intelligence sont aussi des facteurs qui guident notre travail quotidien, dans lequel nous sommes impliqu\u00e9s dans tous les sens, car nous savons faire confiance \u00e0 ce qui nous nourrit pour avancer, ce sont nos clients et leurs besoins.<\/p>\n<p>En ce sens, nous savons comment donner le service qu&rsquo;ils attendent, c&rsquo;est-\u00e0-dire, quand les exp\u00e9riences pr\u00e9c\u00e9dentes nous ont fait voir qu&rsquo;il est tr\u00e8s courant de voyager dans la ville et la province de Malaga en groupes d&rsquo;environ 8 personnes, nous sentons ce besoin des clients comme un d\u00e9fi pour nous.<\/p>\n<p>Aujourd&rsquo;hui, nous avons relev\u00e9 le d\u00e9fi et nous pouvons parler d&rsquo;un taux tr\u00e8s \u00e9lev\u00e9 de demandes de taxi de 9 places \u00e0 Malaga, auquel nous r\u00e9pondons rapidement, ponctuellement et efficacement.<\/p>\n<p>Le format intelligent du v\u00e9hicule que nous avons rendu viable dans notre marque, nous aide et la puissance dans chaque nouveau service qui contracte le client, jusqu&rsquo;\u00e0 des limites insoup\u00e7onn\u00e9es, qu&rsquo;\u00e0 la fin de tout le processus, \u00e0 la fois nous recevons les r\u00e9sultats, comme bien s\u00fbr, ceux qui en b\u00e9n\u00e9ficient, les passagers.<\/p>\n<p><strong>VOYAGER EN GROUPE EST FACILE AVEC LE TAXI 9 PLACES MALAGA<\/strong><\/p>\n<p>Cette possibilit\u00e9 de pouvoir voyager en groupe jusqu&rsquo;\u00e0 8 personnes en taxis de 9 places \u00e0 Malaga, ouvre les portes de nombreux nouveaux services que nous ne pouvions envisager auparavant.<\/p>\n<p>Cela signifie que voyager en groupe est beaucoup plus facile si vous avez cet excellent service de taxi de Malaga, qui met \u00e0 la disposition de tous ses clients, une fonction essentielle pour adopter un service efficace et toujours \u00e0 l&rsquo;\u00e9coute des besoins de chacun des clients qui ont notre marque pour lui.<\/p>\n<p>C&rsquo;est quelque chose d&rsquo;inhabituel, que seulement avec l&rsquo;intention de pouvoir faciliter la vie aux passagers, ceci est obtenu d&rsquo;une mani\u00e8re si simple et productive, et que tout ce succ\u00e8s r\u00e9side dans la bonne gestion qui se fait de notre service de taxis de 9 places \u00e0 Malaga.<\/p>\n<p><strong>DESTINATIONS BOND\u00c9ES ET ORIGINES DANS DE GRANDS TAXIS DE 9 PLACES<\/strong><\/p>\n<p>Les destinations que nous mettons en jeu au sein des taxis Malaga de 9 places, sont nombreuses. En premier lieu, nous avons un service \u00e0 la client\u00e8le avec un pr\u00e9avis suffisant, fournit ses services de v\u00e9hicules de 9 places, au cas o\u00f9 il pourrait \u00eatre n\u00e9cessaire dans tous les cas.<\/p>\n<p>Suite \u00e0 cette op\u00e9ration, nous vous demandons tous types d&rsquo;informations sur la destination vers laquelle vous souhaitez voyager, le nombre de personnes qui voyageront et les conditions dans lesquelles elles voyageront, \u00e0 savoir les fauteuils roulants, les poussettes, les ascenseurs ou les si\u00e8ges pour enfants, et la quantit\u00e9 de bagages.<\/p>\n<p>Une fois ces points d&rsquo;information clarifi\u00e9s, nous proc\u00e9dons \u00e0 la pr\u00e9paration du v\u00e9hicule afin que le groupe qui voyage le trouve dans les meilleures conditions de plaisir et de confort.<\/p>\n<p>De l\u00e0, l&rsquo;une des destinations les plus populaires et peut-\u00eatre d&rsquo;o\u00f9 nous prenons plus de passagers, est \u00e0 l&rsquo;a\u00e9roport Costa del Sol \u00e0 Malaga, car il sert de lien et de transfert pour visiter \u00e0 la fois la ville et la province de Malaga.<\/p>\n<p>Nous avons aussi un grand nombre de clients qui doivent se rendre \u00e0 la gare Maria Zambrano de Malaga, afin de prendre un train pour les ramener chez eux, ou l&rsquo;inverse, qui viennent passer leurs vacances et leurs loisirs dans notre belle ville de Malaga.<\/p>\n<p>[\/vc_column_text][\/vc_column][\/vc_row]<\/p>\n","protected":false},"excerpt":{"rendered":"<p>[vc_row css=\u00a0\u00bb.vc_custom_1534101622541{padding-top: 60px !important;padding-bottom: 26px !important;}\u00a0\u00bb][vc_column][vc_row_inner][vc_column_inner width=\u00a0\u00bb1\/2&Prime; css=\u00a0\u00bb.vc_custom_1509566445127{padding-bottom: 50px !important;}\u00a0\u00bb offset=\u00a0\u00bbvc_col-lg-6 vc_col-md-6&Prime;][\/vc_column_inner][vc_column_inner width=\u00a0\u00bb1\/2&Prime; css=\u00a0\u00bb.vc_custom_1509566455479{padding-bottom: 50px !important;}\u00a0\u00bb offset=\u00a0\u00bbvc_col-lg-6 vc_col-md-6&Prime;][vc_single_image image=\u00a0\u00bb2006&Prime; img_size=\u00a0\u00bbfull\u00a0\u00bb alignment=\u00a0\u00bbcenter\u00a0\u00bb style=\u00a0\u00bbvc_box_rounded\u00a0\u00bb image_hovers=\u00a0\u00bbfalse\u00a0\u00bb][\/vc_column_inner][\/vc_row_inner][\/vc_column][\/vc_row][vc_row equal_height=\u00a0\u00bbyes\u00a0\u00bb bg_type=\u00a0\u00bbgrad\u00a0\u00bb bg_override=\u00a0\u00bbex-full\u00a0\u00bb bg_grad=\u00a0\u00bbbackground: -webkit-gradient(linear, left top, left bottom, color-stop(0%, #0081C6), color-stop(100%, #95D356));background: -moz-linear-gradient(left,#0081C6 0%,#95D356 100%);background: -webkit-linear-gradient(left,#0081C6 0%,#95D356 100%);background: -o-linear-gradient(left,#0081C6 0%,#95D356 100%);background: -ms-linear-gradient(left,#0081C6 0%,#95D356 100%);background: linear-gradient(left,#0081C6 0%,#95D356 100%);\u00a0\u00bb css=\u00a0\u00bb.vc_custom_1533947417154{padding-top: 30px !important;padding-bottom: 30px&hellip;<\/p>\n","protected":false},"author":5,"featured_media":0,"parent":0,"menu_order":0,"comment_status":"closed","ping_status":"closed","template":"","meta":{"footnotes":""},"class_list":["post-3072","page","type-page","status-publish","hentry","description-off"],"yoast_head":"<!-- This site is optimized with the Yoast SEO plugin v27.4 - https:\/\/yoast.com\/product\/yoast-seo-wordpress\/ -->\n<title>Taxi 9 Places Malaga - Grand Taxi 9 Places \u00e0 Malaga<\/title>\n<meta name=\"description\" content=\"Taxi 9 places \u00e0 Malaga: service pour les groupes d&#039;amis ou les familles de 6 personnes maximum, sans qu&#039;il soit n\u00e9cessaire de louer 2 taxis.\" \/>\n<meta name=\"robots\" content=\"index, follow, max-snippet:-1, max-image-preview:large, max-video-preview:-1\" \/>\n<link rel=\"canonical\" href=\"https:\/\/taxigrandemalaga.es\/fr\/taxi-9-places-malaga\/\" \/>\n<meta property=\"og:locale\" content=\"fr_FR\" \/>\n<meta property=\"og:type\" content=\"article\" \/>\n<meta property=\"og:title\" content=\"Taxi 9 Places Malaga - Grand Taxi 9 Places \u00e0 Malaga\" \/>\n<meta property=\"og:description\" content=\"Taxi 9 places \u00e0 Malaga: service pour les groupes d&#039;amis ou les familles de 6 personnes maximum, sans qu&#039;il soit n\u00e9cessaire de louer 2 taxis.\" \/>\n<meta property=\"og:url\" content=\"https:\/\/taxigrandemalaga.es\/fr\/taxi-9-places-malaga\/\" \/>\n<meta property=\"og:site_name\" content=\"Taxi Grande Malaga\" \/>\n<meta property=\"article:modified_time\" content=\"2022-09-27T08:24:08+00:00\" \/>\n<meta name=\"twitter:card\" content=\"summary_large_image\" \/>\n<meta name=\"twitter:label1\" content=\"Dur\u00e9e de lecture estim\u00e9e\" \/>\n\t<meta name=\"twitter:data1\" content=\"5 minutes\" \/>\n<script type=\"application\/ld+json\" class=\"yoast-schema-graph\">{\"@context\":\"https:\\\/\\\/schema.org\",\"@graph\":[{\"@type\":\"WebPage\",\"@id\":\"https:\\\/\\\/taxigrandemalaga.es\\\/fr\\\/taxi-9-places-malaga\\\/\",\"url\":\"https:\\\/\\\/taxigrandemalaga.es\\\/fr\\\/taxi-9-places-malaga\\\/\",\"name\":\"Taxi 9 Places Malaga - Grand Taxi 9 Places \u00e0 Malaga\",\"isPartOf\":{\"@id\":\"https:\\\/\\\/taxigrandemalaga.es\\\/fr\\\/#website\"},\"datePublished\":\"2018-08-12T18:50:02+00:00\",\"dateModified\":\"2022-09-27T08:24:08+00:00\",\"description\":\"Taxi 9 places \u00e0 Malaga: service pour les groupes d'amis ou les familles de 6 personnes maximum, sans qu'il soit n\u00e9cessaire de louer 2 taxis.\",\"breadcrumb\":{\"@id\":\"https:\\\/\\\/taxigrandemalaga.es\\\/fr\\\/taxi-9-places-malaga\\\/#breadcrumb\"},\"inLanguage\":\"fr-FR\",\"potentialAction\":[{\"@type\":\"ReadAction\",\"target\":[\"https:\\\/\\\/taxigrandemalaga.es\\\/fr\\\/taxi-9-places-malaga\\\/\"]}]},{\"@type\":\"BreadcrumbList\",\"@id\":\"https:\\\/\\\/taxigrandemalaga.es\\\/fr\\\/taxi-9-places-malaga\\\/#breadcrumb\",\"itemListElement\":[{\"@type\":\"ListItem\",\"position\":1,\"name\":\"Portada\",\"item\":\"https:\\\/\\\/taxigrandemalaga.es\\\/fr\\\/\"},{\"@type\":\"ListItem\",\"position\":2,\"name\":\"Taxi 9 places Malaga\"}]},{\"@type\":\"WebSite\",\"@id\":\"https:\\\/\\\/taxigrandemalaga.es\\\/fr\\\/#website\",\"url\":\"https:\\\/\\\/taxigrandemalaga.es\\\/fr\\\/\",\"name\":\"Taxi Grande Malaga\",\"description\":\"Taxi en M\u00e1laga: Taxis Grandes, Taxis de 7 y 9 plazas y minusv\u00e1lidos.\",\"potentialAction\":[{\"@type\":\"SearchAction\",\"target\":{\"@type\":\"EntryPoint\",\"urlTemplate\":\"https:\\\/\\\/taxigrandemalaga.es\\\/fr\\\/?s={search_term_string}\"},\"query-input\":{\"@type\":\"PropertyValueSpecification\",\"valueRequired\":true,\"valueName\":\"search_term_string\"}}],\"inLanguage\":\"fr-FR\"}]}<\/script>\n<!-- \/ Yoast SEO plugin. -->","yoast_head_json":{"title":"Taxi 9 Places Malaga - Grand Taxi 9 Places \u00e0 Malaga","description":"Taxi 9 places \u00e0 Malaga: service pour les groupes d'amis ou les familles de 6 personnes maximum, sans qu'il soit n\u00e9cessaire de louer 2 taxis.","robots":{"index":"index","follow":"follow","max-snippet":"max-snippet:-1","max-image-preview":"max-image-preview:large","max-video-preview":"max-video-preview:-1"},"canonical":"https:\/\/taxigrandemalaga.es\/fr\/taxi-9-places-malaga\/","og_locale":"fr_FR","og_type":"article","og_title":"Taxi 9 Places Malaga - Grand Taxi 9 Places \u00e0 Malaga","og_description":"Taxi 9 places \u00e0 Malaga: service pour les groupes d'amis ou les familles de 6 personnes maximum, sans qu'il soit n\u00e9cessaire de louer 2 taxis.","og_url":"https:\/\/taxigrandemalaga.es\/fr\/taxi-9-places-malaga\/","og_site_name":"Taxi Grande Malaga","article_modified_time":"2022-09-27T08:24:08+00:00","twitter_card":"summary_large_image","twitter_misc":{"Dur\u00e9e de lecture estim\u00e9e":"5 minutes"},"schema":{"@context":"https:\/\/schema.org","@graph":[{"@type":"WebPage","@id":"https:\/\/taxigrandemalaga.es\/fr\/taxi-9-places-malaga\/","url":"https:\/\/taxigrandemalaga.es\/fr\/taxi-9-places-malaga\/","name":"Taxi 9 Places Malaga - Grand Taxi 9 Places \u00e0 Malaga","isPartOf":{"@id":"https:\/\/taxigrandemalaga.es\/fr\/#website"},"datePublished":"2018-08-12T18:50:02+00:00","dateModified":"2022-09-27T08:24:08+00:00","description":"Taxi 9 places \u00e0 Malaga: service pour les groupes d'amis ou les familles de 6 personnes maximum, sans qu'il soit n\u00e9cessaire de louer 2 taxis.","breadcrumb":{"@id":"https:\/\/taxigrandemalaga.es\/fr\/taxi-9-places-malaga\/#breadcrumb"},"inLanguage":"fr-FR","potentialAction":[{"@type":"ReadAction","target":["https:\/\/taxigrandemalaga.es\/fr\/taxi-9-places-malaga\/"]}]},{"@type":"BreadcrumbList","@id":"https:\/\/taxigrandemalaga.es\/fr\/taxi-9-places-malaga\/#breadcrumb","itemListElement":[{"@type":"ListItem","position":1,"name":"Portada","item":"https:\/\/taxigrandemalaga.es\/fr\/"},{"@type":"ListItem","position":2,"name":"Taxi 9 places Malaga"}]},{"@type":"WebSite","@id":"https:\/\/taxigrandemalaga.es\/fr\/#website","url":"https:\/\/taxigrandemalaga.es\/fr\/","name":"Taxi Grande Malaga","description":"Taxi en M\u00e1laga: Taxis Grandes, Taxis de 7 y 9 plazas y minusv\u00e1lidos.","potentialAction":[{"@type":"SearchAction","target":{"@type":"EntryPoint","urlTemplate":"https:\/\/taxigrandemalaga.es\/fr\/?s={search_term_string}"},"query-input":{"@type":"PropertyValueSpecification","valueRequired":true,"valueName":"search_term_string"}}],"inLanguage":"fr-FR"}]}},"_links":{"self":[{"href":"https:\/\/taxigrandemalaga.es\/fr\/wp-json\/wp\/v2\/pages\/3072","targetHints":{"allow":["GET"]}}],"collection":[{"href":"https:\/\/taxigrandemalaga.es\/fr\/wp-json\/wp\/v2\/pages"}],"about":[{"href":"https:\/\/taxigrandemalaga.es\/fr\/wp-json\/wp\/v2\/types\/page"}],"author":[{"embeddable":true,"href":"https:\/\/taxigrandemalaga.es\/fr\/wp-json\/wp\/v2\/users\/5"}],"replies":[{"embeddable":true,"href":"https:\/\/taxigrandemalaga.es\/fr\/wp-json\/wp\/v2\/comments?post=3072"}],"version-history":[{"count":1,"href":"https:\/\/taxigrandemalaga.es\/fr\/wp-json\/wp\/v2\/pages\/3072\/revisions"}],"predecessor-version":[{"id":5711,"href":"https:\/\/taxigrandemalaga.es\/fr\/wp-json\/wp\/v2\/pages\/3072\/revisions\/5711"}],"wp:attachment":[{"href":"https:\/\/taxigrandemalaga.es\/fr\/wp-json\/wp\/v2\/media?parent=3072"}],"curies":[{"name":"wp","href":"https:\/\/api.w.org\/{rel}","templated":true}]}}